{"id":1949,"date":"2023-11-08T11:52:59","date_gmt":"2023-11-08T11:52:59","guid":{"rendered":"https:\/\/calzadosmariola.com\/?post_type=product&#038;p=1949"},"modified":"2025-05-29T09:57:15","modified_gmt":"2025-05-29T09:57:15","slug":"503-239-031-marino-marron","status":"publish","type":"product","link":"https:\/\/calzadosmariola.com\/index.php\/producto\/503-239-031-marino-marron\/","title":{"rendered":"503-239-031 MARINO &#8211; MARRON"},"content":{"rendered":"","protected":false},"excerpt":{"rendered":"<p>MODELO 503-100-200<\/p>\n<div>TALLAS DEL 39 AL 46<\/div>\n<div>CAJAS DE 32 PARES<\/div>\n<div>16 PARES DE CADA COLOR<\/div>\n<div>COLORES GRIS-MARRON<\/div>\n","protected":false},"featured_media":1950,"comment_status":"open","ping_status":"closed","template":"","meta":{"site-sidebar-layout":"default","site-content-layout":"default","ast-site-content-layout":"default","site-content-style":"default","site-sidebar-style":"default","ast-global-header-display":"","ast-banner-title-visibility":"","ast-main-header-display":"","ast-hfb-above-header-display":"","ast-hfb-below-header-display":"","ast-hfb-mobile-header-display":"","site-post-title":"","ast-breadcrumbs-content":"","ast-featured-img":"","footer-sml-layout":"","theme-transparent-header-meta":"default","adv-header-id-meta":"","stick-header-meta":"","header-above-stick-meta":"","header-main-stick-meta":"","header-below-stick-meta":"","astra-migrate-meta-layouts":"set"},"product_brand":[],"product_cat":[19],"product_tag":[],"class_list":{"0":"post-1949","1":"product","2":"type-product","3":"status-publish","4":"has-post-thumbnail","6":"product_cat-invierno-caballero-pegado","7":"desktop-align-center","8":"tablet-align-left","9":"mobile-align-left","11":"first","12":"instock","13":"shipping-taxable","14":"product-type-simple"},"yoast_head":"<!-- This site is optimized with the Yoast SEO plugin v27.5 - https:\/\/yoast.com\/product\/yoast-seo-wordpress\/ -->\n<title>503-239-031 MARINO - MARRON - CALZADOS MARIOLA<\/title>\n<meta name=\"description\" content=\"Zapatillas de estar por casa de caballero para que tus pies en invierno siempre est\u00e9n calientes y c\u00f3modos. Disfruta m\u00e1s del tiempo que pasas en tu casa.\" \/>\n<meta name=\"robots\" content=\"index, follow, max-snippet:-1, max-image-preview:large, max-video-preview:-1\" \/>\n<link rel=\"canonical\" href=\"https:\/\/calzadosmariola.com\/index.php\/producto\/503-239-031-marino-marron\/\" \/>\n<meta property=\"og:locale\" content=\"es_ES\" \/>\n<meta property=\"og:type\" content=\"article\" \/>\n<meta property=\"og:title\" content=\"503-239-031 MARINO - MARRON - CALZADOS MARIOLA\" \/>\n<meta property=\"og:description\" content=\"Zapatillas de estar por casa de caballero para que tus pies en invierno siempre est\u00e9n calientes y c\u00f3modos. Disfruta m\u00e1s del tiempo que pasas en tu casa.\" \/>\n<meta property=\"og:url\" content=\"https:\/\/calzadosmariola.com\/index.php\/producto\/503-239-031-marino-marron\/\" \/>\n<meta property=\"og:site_name\" content=\"CALZADOS MARIOLA\" \/>\n<meta property=\"article:modified_time\" content=\"2025-05-29T09:57:15+00:00\" \/>\n<meta property=\"og:image\" content=\"https:\/\/calzadosmariola.com\/wp-content\/uploads\/2023\/11\/503-239-031-marino-marron1.jpg\" \/>\n\t<meta property=\"og:image:width\" content=\"2306\" \/>\n\t<meta property=\"og:image:height\" content=\"1872\" \/>\n\t<meta property=\"og:image:type\" content=\"image\/jpeg\" \/>\n<meta name=\"twitter:card\" content=\"summary_large_image\" \/>\n<script type=\"application\/ld+json\" class=\"yoast-schema-graph\">{\"@context\":\"https:\\\/\\\/schema.org\",\"@graph\":[{\"@type\":\"WebPage\",\"@id\":\"https:\\\/\\\/calzadosmariola.com\\\/index.php\\\/producto\\\/503-239-031-marino-marron\\\/\",\"url\":\"https:\\\/\\\/calzadosmariola.com\\\/index.php\\\/producto\\\/503-239-031-marino-marron\\\/\",\"name\":\"503-239-031 MARINO - MARRON - CALZADOS MARIOLA\",\"isPartOf\":{\"@id\":\"https:\\\/\\\/calzadosmariola.com\\\/#website\"},\"primaryImageOfPage\":{\"@id\":\"https:\\\/\\\/calzadosmariola.com\\\/index.php\\\/producto\\\/503-239-031-marino-marron\\\/#primaryimage\"},\"image\":{\"@id\":\"https:\\\/\\\/calzadosmariola.com\\\/index.php\\\/producto\\\/503-239-031-marino-marron\\\/#primaryimage\"},\"thumbnailUrl\":\"https:\\\/\\\/calzadosmariola.com\\\/wp-content\\\/uploads\\\/2023\\\/11\\\/503-239-031-marino-marron1.jpg\",\"datePublished\":\"2023-11-08T11:52:59+00:00\",\"dateModified\":\"2025-05-29T09:57:15+00:00\",\"description\":\"Zapatillas de estar por casa de caballero para que tus pies en invierno siempre est\u00e9n calientes y c\u00f3modos. Disfruta m\u00e1s del tiempo que pasas en tu casa.\",\"breadcrumb\":{\"@id\":\"https:\\\/\\\/calzadosmariola.com\\\/index.php\\\/producto\\\/503-239-031-marino-marron\\\/#breadcrumb\"},\"inLanguage\":\"es\",\"potentialAction\":[{\"@type\":\"ReadAction\",\"target\":[\"https:\\\/\\\/calzadosmariola.com\\\/index.php\\\/producto\\\/503-239-031-marino-marron\\\/\"]}]},{\"@type\":\"ImageObject\",\"inLanguage\":\"es\",\"@id\":\"https:\\\/\\\/calzadosmariola.com\\\/index.php\\\/producto\\\/503-239-031-marino-marron\\\/#primaryimage\",\"url\":\"https:\\\/\\\/calzadosmariola.com\\\/wp-content\\\/uploads\\\/2023\\\/11\\\/503-239-031-marino-marron1.jpg\",\"contentUrl\":\"https:\\\/\\\/calzadosmariola.com\\\/wp-content\\\/uploads\\\/2023\\\/11\\\/503-239-031-marino-marron1.jpg\",\"width\":2306,\"height\":1872},{\"@type\":\"BreadcrumbList\",\"@id\":\"https:\\\/\\\/calzadosmariola.com\\\/index.php\\\/producto\\\/503-239-031-marino-marron\\\/#breadcrumb\",\"itemListElement\":[{\"@type\":\"ListItem\",\"position\":1,\"name\":\"Portada\",\"item\":\"https:\\\/\\\/calzadosmariola.com\\\/\"},{\"@type\":\"ListItem\",\"position\":2,\"name\":\"Tienda\",\"item\":\"https:\\\/\\\/calzadosmariola.com\\\/index.php\\\/tienda\\\/\"},{\"@type\":\"ListItem\",\"position\":3,\"name\":\"503-239-031 MARINO &#8211; MARRON\"}]},{\"@type\":\"WebSite\",\"@id\":\"https:\\\/\\\/calzadosmariola.com\\\/#website\",\"url\":\"https:\\\/\\\/calzadosmariola.com\\\/\",\"name\":\"CALZADOS MARIOLA\",\"description\":\"Venta al por mayor\",\"potentialAction\":[{\"@type\":\"SearchAction\",\"target\":{\"@type\":\"EntryPoint\",\"urlTemplate\":\"https:\\\/\\\/calzadosmariola.com\\\/?s={search_term_string}\"},\"query-input\":{\"@type\":\"PropertyValueSpecification\",\"valueRequired\":true,\"valueName\":\"search_term_string\"}}],\"inLanguage\":\"es\"}]}<\/script>\n<!-- \/ Yoast SEO plugin. -->","yoast_head_json":{"title":"503-239-031 MARINO - MARRON - CALZADOS MARIOLA","description":"Zapatillas de estar por casa de caballero para que tus pies en invierno siempre est\u00e9n calientes y c\u00f3modos. Disfruta m\u00e1s del tiempo que pasas en tu casa.","robots":{"index":"index","follow":"follow","max-snippet":"max-snippet:-1","max-image-preview":"max-image-preview:large","max-video-preview":"max-video-preview:-1"},"canonical":"https:\/\/calzadosmariola.com\/index.php\/producto\/503-239-031-marino-marron\/","og_locale":"es_ES","og_type":"article","og_title":"503-239-031 MARINO - MARRON - CALZADOS MARIOLA","og_description":"Zapatillas de estar por casa de caballero para que tus pies en invierno siempre est\u00e9n calientes y c\u00f3modos. Disfruta m\u00e1s del tiempo que pasas en tu casa.","og_url":"https:\/\/calzadosmariola.com\/index.php\/producto\/503-239-031-marino-marron\/","og_site_name":"CALZADOS MARIOLA","article_modified_time":"2025-05-29T09:57:15+00:00","og_image":[{"width":2306,"height":1872,"url":"https:\/\/calzadosmariola.com\/wp-content\/uploads\/2023\/11\/503-239-031-marino-marron1.jpg","type":"image\/jpeg"}],"twitter_card":"summary_large_image","schema":{"@context":"https:\/\/schema.org","@graph":[{"@type":"WebPage","@id":"https:\/\/calzadosmariola.com\/index.php\/producto\/503-239-031-marino-marron\/","url":"https:\/\/calzadosmariola.com\/index.php\/producto\/503-239-031-marino-marron\/","name":"503-239-031 MARINO - MARRON - CALZADOS MARIOLA","isPartOf":{"@id":"https:\/\/calzadosmariola.com\/#website"},"primaryImageOfPage":{"@id":"https:\/\/calzadosmariola.com\/index.php\/producto\/503-239-031-marino-marron\/#primaryimage"},"image":{"@id":"https:\/\/calzadosmariola.com\/index.php\/producto\/503-239-031-marino-marron\/#primaryimage"},"thumbnailUrl":"https:\/\/calzadosmariola.com\/wp-content\/uploads\/2023\/11\/503-239-031-marino-marron1.jpg","datePublished":"2023-11-08T11:52:59+00:00","dateModified":"2025-05-29T09:57:15+00:00","description":"Zapatillas de estar por casa de caballero para que tus pies en invierno siempre est\u00e9n calientes y c\u00f3modos. Disfruta m\u00e1s del tiempo que pasas en tu casa.","breadcrumb":{"@id":"https:\/\/calzadosmariola.com\/index.php\/producto\/503-239-031-marino-marron\/#breadcrumb"},"inLanguage":"es","potentialAction":[{"@type":"ReadAction","target":["https:\/\/calzadosmariola.com\/index.php\/producto\/503-239-031-marino-marron\/"]}]},{"@type":"ImageObject","inLanguage":"es","@id":"https:\/\/calzadosmariola.com\/index.php\/producto\/503-239-031-marino-marron\/#primaryimage","url":"https:\/\/calzadosmariola.com\/wp-content\/uploads\/2023\/11\/503-239-031-marino-marron1.jpg","contentUrl":"https:\/\/calzadosmariola.com\/wp-content\/uploads\/2023\/11\/503-239-031-marino-marron1.jpg","width":2306,"height":1872},{"@type":"BreadcrumbList","@id":"https:\/\/calzadosmariola.com\/index.php\/producto\/503-239-031-marino-marron\/#breadcrumb","itemListElement":[{"@type":"ListItem","position":1,"name":"Portada","item":"https:\/\/calzadosmariola.com\/"},{"@type":"ListItem","position":2,"name":"Tienda","item":"https:\/\/calzadosmariola.com\/index.php\/tienda\/"},{"@type":"ListItem","position":3,"name":"503-239-031 MARINO &#8211; MARRON"}]},{"@type":"WebSite","@id":"https:\/\/calzadosmariola.com\/#website","url":"https:\/\/calzadosmariola.com\/","name":"CALZADOS MARIOLA","description":"Venta al por mayor","potentialAction":[{"@type":"SearchAction","target":{"@type":"EntryPoint","urlTemplate":"https:\/\/calzadosmariola.com\/?s={search_term_string}"},"query-input":{"@type":"PropertyValueSpecification","valueRequired":true,"valueName":"search_term_string"}}],"inLanguage":"es"}]}},"_links":{"self":[{"href":"https:\/\/calzadosmariola.com\/index.php\/wp-json\/wp\/v2\/product\/1949","targetHints":{"allow":["GET"]}}],"collection":[{"href":"https:\/\/calzadosmariola.com\/index.php\/wp-json\/wp\/v2\/product"}],"about":[{"href":"https:\/\/calzadosmariola.com\/index.php\/wp-json\/wp\/v2\/types\/product"}],"replies":[{"embeddable":true,"href":"https:\/\/calzadosmariola.com\/index.php\/wp-json\/wp\/v2\/comments?post=1949"}],"wp:featuredmedia":[{"embeddable":true,"href":"https:\/\/calzadosmariola.com\/index.php\/wp-json\/wp\/v2\/media\/1950"}],"wp:attachment":[{"href":"https:\/\/calzadosmariola.com\/index.php\/wp-json\/wp\/v2\/media?parent=1949"}],"wp:term":[{"taxonomy":"product_brand","embeddable":true,"href":"https:\/\/calzadosmariola.com\/index.php\/wp-json\/wp\/v2\/product_brand?post=1949"},{"taxonomy":"product_cat","embeddable":true,"href":"https:\/\/calzadosmariola.com\/index.php\/wp-json\/wp\/v2\/product_cat?post=1949"},{"taxonomy":"product_tag","embeddable":true,"href":"https:\/\/calzadosmariola.com\/index.php\/wp-json\/wp\/v2\/product_tag?post=1949"}],"curies":[{"name":"wp","href":"https:\/\/api.w.org\/{rel}","templated":true}]}}