{"id":99,"date":"2022-10-28T14:26:53","date_gmt":"2022-10-28T14:26:53","guid":{"rendered":"https:\/\/wp.calzadosmariola.com\/?page_id=99"},"modified":"2023-09-05T12:12:47","modified_gmt":"2023-09-05T12:12:47","slug":"contacto","status":"publish","type":"page","link":"https:\/\/calzadosmariola.com\/index.php\/contacto\/","title":{"rendered":"Contacto"},"content":{"rendered":"\t\t<div data-elementor-type=\"wp-page\" data-elementor-id=\"99\" class=\"elementor elementor-99\">\n\t\t\t\t\t\t<section class=\"elementor-section elementor-top-section elementor-element elementor-element-8570130 elementor-section-boxed elementor-section-height-default elementor-section-height-default\" data-id=\"8570130\" data-element_type=\"section\" data-e-type=\"section\">\n\t\t\t\t\t\t<div class=\"elementor-container elementor-column-gap-default\">\n\t\t\t\t\t<div class=\"elementor-column elementor-col-100 elementor-top-column elementor-element elementor-element-55734db\" data-id=\"55734db\" data-element_type=\"column\" data-e-type=\"column\">\n\t\t\t<div class=\"elementor-widget-wrap elementor-element-populated\">\n\t\t\t\t\t\t<div class=\"elementor-element elementor-element-e39486a elementor-widget elementor-widget-heading\" data-id=\"e39486a\" data-element_type=\"widget\" data-e-type=\"widget\" data-widget_type=\"heading.default\">\n\t\t\t\t<div class=\"elementor-widget-container\">\n\t\t\t\t\t<h4 class=\"elementor-heading-title elementor-size-default\">Cont\u00e1ctanos<\/h4>\t\t\t\t<\/div>\n\t\t\t\t<\/div>\n\t\t\t\t\t<\/div>\n\t\t<\/div>\n\t\t\t\t\t<\/div>\n\t\t<\/section>\n\t\t\t\t<section class=\"elementor-section elementor-top-section elementor-element elementor-element-7baa8ef elementor-section-boxed elementor-section-height-default elementor-section-height-default\" data-id=\"7baa8ef\" data-element_type=\"section\" data-e-type=\"section\">\n\t\t\t\t\t\t<div class=\"elementor-container elementor-column-gap-default\">\n\t\t\t\t\t<div class=\"elementor-column elementor-col-50 elementor-top-column elementor-element elementor-element-cb7bdaa\" data-id=\"cb7bdaa\" data-element_type=\"column\" data-e-type=\"column\">\n\t\t\t<div class=\"elementor-widget-wrap elementor-element-populated\">\n\t\t\t\t\t\t<div class=\"elementor-element elementor-element-3ba5338 elementor-widget elementor-widget-text-editor\" data-id=\"3ba5338\" data-element_type=\"widget\" data-e-type=\"widget\" data-widget_type=\"text-editor.default\">\n\t\t\t\t<div class=\"elementor-widget-container\">\n\t\t\t\t\t\t\t\t\t<p>Estamos a tu disposici\u00f3n para cualquier pregunta, petici\u00f3n o sugerencia.<\/p>\n<p><strong>CALZADOS MARIOLA S.L.&nbsp;<\/strong><\/p>\n<p><strong>Calle Pasico 16<\/strong><\/p>\n<p><strong>02049 Aguas Nuevas, Albacete<\/strong><\/p>\t\t\t\t\t\t\t\t<\/div>\n\t\t\t\t<\/div>\n\t\t\t\t\t<\/div>\n\t\t<\/div>\n\t\t\t\t<div class=\"elementor-column elementor-col-50 elementor-top-column elementor-element elementor-element-0458601\" data-id=\"0458601\" data-element_type=\"column\" data-e-type=\"column\">\n\t\t\t<div class=\"elementor-widget-wrap elementor-element-populated\">\n\t\t\t\t\t\t<div class=\"elementor-element elementor-element-1d6dda0 elementor-widget elementor-widget-text-editor\" data-id=\"1d6dda0\" data-element_type=\"widget\" data-e-type=\"widget\" data-widget_type=\"text-editor.default\">\n\t\t\t\t<div class=\"elementor-widget-container\">\n\t\t\t\t\t\t\t\t\t<p><strong>Tel\u00e9fono<\/strong>: +34 646 316 364<\/p>\n<p><strong>Correo electr\u00f3nico<\/strong>:<\/p>\n<p><a href=\"mailto:mariolatgspain@yahoo.com\">mariolatgspain@yahoo.com<\/a><\/p>\n<p><a href=\"mailto:calzadosmariolas@gmail.com\">calzadosmariolas@gmail.com<\/a><\/p>\t\t\t\t\t\t\t\t<\/div>\n\t\t\t\t<\/div>\n\t\t\t\t\t<\/div>\n\t\t<\/div>\n\t\t\t\t\t<\/div>\n\t\t<\/section>\n\t\t\t\t<section class=\"elementor-section elementor-top-section elementor-element elementor-element-4accd58 elementor-section-boxed elementor-section-height-default elementor-section-height-default\" data-id=\"4accd58\" data-element_type=\"section\" data-e-type=\"section\">\n\t\t\t\t\t\t<div class=\"elementor-container elementor-column-gap-default\">\n\t\t\t\t\t<div class=\"elementor-column elementor-col-100 elementor-top-column elementor-element elementor-element-86261de\" data-id=\"86261de\" data-element_type=\"column\" data-e-type=\"column\">\n\t\t\t<div class=\"elementor-widget-wrap elementor-element-populated\">\n\t\t\t\t\t\t<div class=\"elementor-element elementor-element-cbb3168 elementor-widget elementor-widget-image\" data-id=\"cbb3168\" data-element_type=\"widget\" data-e-type=\"widget\" data-widget_type=\"image.default\">\n\t\t\t\t<div class=\"elementor-widget-container\">\n\t\t\t\t\t\t\t\t\t\t\t\t\t\t\t<img fetchpriority=\"high\" decoding=\"async\" width=\"1024\" height=\"314\" src=\"https:\/\/calzadosmariola.com\/wp-content\/uploads\/2023\/02\/calzados-mariolas-foto-inicio-1024x314.jpg\" class=\"attachment-large size-large wp-image-883\" alt=\"\" srcset=\"https:\/\/calzadosmariola.com\/wp-content\/uploads\/2023\/02\/calzados-mariolas-foto-inicio-1024x314.jpg 1024w, https:\/\/calzadosmariola.com\/wp-content\/uploads\/2023\/02\/calzados-mariolas-foto-inicio-300x92.jpg 300w, https:\/\/calzadosmariola.com\/wp-content\/uploads\/2023\/02\/calzados-mariolas-foto-inicio-768x235.jpg 768w, https:\/\/calzadosmariola.com\/wp-content\/uploads\/2023\/02\/calzados-mariolas-foto-inicio-600x184.jpg 600w, https:\/\/calzadosmariola.com\/wp-content\/uploads\/2023\/02\/calzados-mariolas-foto-inicio.jpg 1110w\" sizes=\"(max-width: 1024px) 100vw, 1024px\" \/>\t\t\t\t\t\t\t\t\t\t\t\t\t\t\t<\/div>\n\t\t\t\t<\/div>\n\t\t\t\t\t<\/div>\n\t\t<\/div>\n\t\t\t\t\t<\/div>\n\t\t<\/section>\n\t\t\t\t<section class=\"elementor-section elementor-top-section elementor-element elementor-element-7b828be elementor-section-boxed elementor-section-height-default elementor-section-height-default\" data-id=\"7b828be\" data-element_type=\"section\" data-e-type=\"section\">\n\t\t\t\t\t\t<div class=\"elementor-container elementor-column-gap-default\">\n\t\t\t\t\t<div class=\"elementor-column elementor-col-100 elementor-top-column elementor-element elementor-element-c0e43d6\" data-id=\"c0e43d6\" data-element_type=\"column\" data-e-type=\"column\">\n\t\t\t<div class=\"elementor-widget-wrap elementor-element-populated\">\n\t\t\t\t\t\t<div class=\"elementor-element elementor-element-083d7f4 elementor-widget elementor-widget-google_maps\" data-id=\"083d7f4\" data-element_type=\"widget\" data-e-type=\"widget\" data-widget_type=\"google_maps.default\">\n\t\t\t\t<div class=\"elementor-widget-container\">\n\t\t\t\t\t\t\t<div class=\"elementor-custom-embed\">\n\t\t\t<iframe loading=\"lazy\"\n\t\t\t\t\tsrc=\"https:\/\/maps.google.com\/maps?q=Calle%20Pasico%2C%2016%20Aguas%20Nuevas%20&#038;t=m&#038;z=10&#038;output=embed&#038;iwloc=near\"\n\t\t\t\t\ttitle=\"Calle Pasico, 16 Aguas Nuevas \"\n\t\t\t\t\taria-label=\"Calle Pasico, 16 Aguas Nuevas \"\n\t\t\t><\/iframe>\n\t\t<\/div>\n\t\t\t\t\t\t<\/div>\n\t\t\t\t<\/div>\n\t\t\t\t\t<\/div>\n\t\t<\/div>\n\t\t\t\t\t<\/div>\n\t\t<\/section>\n\t\t\t\t<\/div>\n\t\t","protected":false},"excerpt":{"rendered":"<p>Cont\u00e1ctanos Estamos a tu disposici\u00f3n para cualquier pregunta, petici\u00f3n o sugerencia. CALZADOS MARIOLA S.L.&nbsp; Calle Pasico 16 02049 Aguas Nuevas, Albacete Tel\u00e9fono: +34 646 316 364 Correo electr\u00f3nico: mariolatgspain@yahoo.com calzadosmariolas@gmail.com<\/p>\n","protected":false},"author":2,"featured_media":0,"parent":0,"menu_order":0,"comment_status":"closed","ping_status":"closed","template":"","meta":{"site-sidebar-layout":"no-sidebar","site-content-layout":"page-builder","ast-site-content-layout":"","site-content-style":"default","site-sidebar-style":"default","ast-global-header-display":"","ast-banner-title-visibility":"","ast-main-header-display":"","ast-hfb-above-header-display":"","ast-hfb-below-header-display":"","ast-hfb-mobile-header-display":"","site-post-title":"disabled","ast-breadcrumbs-content":"","ast-featured-img":"disabled","footer-sml-layout":"","theme-transparent-header-meta":"default","adv-header-id-meta":"","stick-header-meta":"","header-above-stick-meta":"","header-main-stick-meta":"","header-below-stick-meta":"","astra-migrate-meta-layouts":"","footnotes":""},"class_list":["post-99","page","type-page","status-publish","hentry"],"yoast_head":"<!-- This site is optimized with the Yoast SEO plugin v27.3 - https:\/\/yoast.com\/product\/yoast-seo-wordpress\/ -->\n<title>Contacto - CALZADOS MARIOLA<\/title>\n<meta name=\"description\" content=\"No dudes en ponerte en contacto con nosotros y preguntarnos cualquier duda que te vaya surgiendo con toda la confianza.\" \/>\n<meta name=\"robots\" content=\"index, follow, max-snippet:-1, max-image-preview:large, max-video-preview:-1\" \/>\n<link rel=\"canonical\" href=\"https:\/\/calzadosmariola.com\/index.php\/contacto\/\" \/>\n<meta property=\"og:locale\" content=\"es_ES\" \/>\n<meta property=\"og:type\" content=\"article\" \/>\n<meta property=\"og:title\" content=\"Contacto - CALZADOS MARIOLA\" \/>\n<meta property=\"og:description\" content=\"No dudes en ponerte en contacto con nosotros y preguntarnos cualquier duda que te vaya surgiendo con toda la confianza.\" \/>\n<meta property=\"og:url\" content=\"https:\/\/calzadosmariola.com\/index.php\/contacto\/\" \/>\n<meta property=\"og:site_name\" content=\"CALZADOS MARIOLA\" \/>\n<meta property=\"article:modified_time\" content=\"2023-09-05T12:12:47+00:00\" \/>\n<meta property=\"og:image\" content=\"https:\/\/calzadosmariola.com\/wp-content\/uploads\/2023\/02\/calzados-mariolas-foto-inicio-1024x314.jpg\" \/>\n<meta name=\"twitter:card\" content=\"summary_large_image\" \/>\n<meta name=\"twitter:label1\" content=\"Tiempo de lectura\" \/>\n\t<meta name=\"twitter:data1\" content=\"1 minuto\" \/>\n<script type=\"application\/ld+json\" class=\"yoast-schema-graph\">{\"@context\":\"https:\\\/\\\/schema.org\",\"@graph\":[{\"@type\":\"WebPage\",\"@id\":\"https:\\\/\\\/calzadosmariola.com\\\/index.php\\\/contacto\\\/\",\"url\":\"https:\\\/\\\/calzadosmariola.com\\\/index.php\\\/contacto\\\/\",\"name\":\"Contacto - CALZADOS MARIOLA\",\"isPartOf\":{\"@id\":\"https:\\\/\\\/calzadosmariola.com\\\/#website\"},\"primaryImageOfPage\":{\"@id\":\"https:\\\/\\\/calzadosmariola.com\\\/index.php\\\/contacto\\\/#primaryimage\"},\"image\":{\"@id\":\"https:\\\/\\\/calzadosmariola.com\\\/index.php\\\/contacto\\\/#primaryimage\"},\"thumbnailUrl\":\"https:\\\/\\\/calzadosmariola.com\\\/wp-content\\\/uploads\\\/2023\\\/02\\\/calzados-mariolas-foto-inicio-1024x314.jpg\",\"datePublished\":\"2022-10-28T14:26:53+00:00\",\"dateModified\":\"2023-09-05T12:12:47+00:00\",\"description\":\"No dudes en ponerte en contacto con nosotros y preguntarnos cualquier duda que te vaya surgiendo con toda la confianza.\",\"breadcrumb\":{\"@id\":\"https:\\\/\\\/calzadosmariola.com\\\/index.php\\\/contacto\\\/#breadcrumb\"},\"inLanguage\":\"es\",\"potentialAction\":[{\"@type\":\"ReadAction\",\"target\":[\"https:\\\/\\\/calzadosmariola.com\\\/index.php\\\/contacto\\\/\"]}]},{\"@type\":\"ImageObject\",\"inLanguage\":\"es\",\"@id\":\"https:\\\/\\\/calzadosmariola.com\\\/index.php\\\/contacto\\\/#primaryimage\",\"url\":\"https:\\\/\\\/calzadosmariola.com\\\/wp-content\\\/uploads\\\/2023\\\/02\\\/calzados-mariolas-foto-inicio.jpg\",\"contentUrl\":\"https:\\\/\\\/calzadosmariola.com\\\/wp-content\\\/uploads\\\/2023\\\/02\\\/calzados-mariolas-foto-inicio.jpg\",\"width\":1110,\"height\":340},{\"@type\":\"BreadcrumbList\",\"@id\":\"https:\\\/\\\/calzadosmariola.com\\\/index.php\\\/contacto\\\/#breadcrumb\",\"itemListElement\":[{\"@type\":\"ListItem\",\"position\":1,\"name\":\"Portada\",\"item\":\"https:\\\/\\\/calzadosmariola.com\\\/\"},{\"@type\":\"ListItem\",\"position\":2,\"name\":\"Contacto\"}]},{\"@type\":\"WebSite\",\"@id\":\"https:\\\/\\\/calzadosmariola.com\\\/#website\",\"url\":\"https:\\\/\\\/calzadosmariola.com\\\/\",\"name\":\"CALZADOS MARIOLA\",\"description\":\"Venta al por mayor\",\"potentialAction\":[{\"@type\":\"SearchAction\",\"target\":{\"@type\":\"EntryPoint\",\"urlTemplate\":\"https:\\\/\\\/calzadosmariola.com\\\/?s={search_term_string}\"},\"query-input\":{\"@type\":\"PropertyValueSpecification\",\"valueRequired\":true,\"valueName\":\"search_term_string\"}}],\"inLanguage\":\"es\"}]}<\/script>\n<!-- \/ Yoast SEO plugin. -->","yoast_head_json":{"title":"Contacto - CALZADOS MARIOLA","description":"No dudes en ponerte en contacto con nosotros y preguntarnos cualquier duda que te vaya surgiendo con toda la confianza.","robots":{"index":"index","follow":"follow","max-snippet":"max-snippet:-1","max-image-preview":"max-image-preview:large","max-video-preview":"max-video-preview:-1"},"canonical":"https:\/\/calzadosmariola.com\/index.php\/contacto\/","og_locale":"es_ES","og_type":"article","og_title":"Contacto - CALZADOS MARIOLA","og_description":"No dudes en ponerte en contacto con nosotros y preguntarnos cualquier duda que te vaya surgiendo con toda la confianza.","og_url":"https:\/\/calzadosmariola.com\/index.php\/contacto\/","og_site_name":"CALZADOS MARIOLA","article_modified_time":"2023-09-05T12:12:47+00:00","og_image":[{"url":"https:\/\/calzadosmariola.com\/wp-content\/uploads\/2023\/02\/calzados-mariolas-foto-inicio-1024x314.jpg","type":"","width":"","height":""}],"twitter_card":"summary_large_image","twitter_misc":{"Tiempo de lectura":"1 minuto"},"schema":{"@context":"https:\/\/schema.org","@graph":[{"@type":"WebPage","@id":"https:\/\/calzadosmariola.com\/index.php\/contacto\/","url":"https:\/\/calzadosmariola.com\/index.php\/contacto\/","name":"Contacto - CALZADOS MARIOLA","isPartOf":{"@id":"https:\/\/calzadosmariola.com\/#website"},"primaryImageOfPage":{"@id":"https:\/\/calzadosmariola.com\/index.php\/contacto\/#primaryimage"},"image":{"@id":"https:\/\/calzadosmariola.com\/index.php\/contacto\/#primaryimage"},"thumbnailUrl":"https:\/\/calzadosmariola.com\/wp-content\/uploads\/2023\/02\/calzados-mariolas-foto-inicio-1024x314.jpg","datePublished":"2022-10-28T14:26:53+00:00","dateModified":"2023-09-05T12:12:47+00:00","description":"No dudes en ponerte en contacto con nosotros y preguntarnos cualquier duda que te vaya surgiendo con toda la confianza.","breadcrumb":{"@id":"https:\/\/calzadosmariola.com\/index.php\/contacto\/#breadcrumb"},"inLanguage":"es","potentialAction":[{"@type":"ReadAction","target":["https:\/\/calzadosmariola.com\/index.php\/contacto\/"]}]},{"@type":"ImageObject","inLanguage":"es","@id":"https:\/\/calzadosmariola.com\/index.php\/contacto\/#primaryimage","url":"https:\/\/calzadosmariola.com\/wp-content\/uploads\/2023\/02\/calzados-mariolas-foto-inicio.jpg","contentUrl":"https:\/\/calzadosmariola.com\/wp-content\/uploads\/2023\/02\/calzados-mariolas-foto-inicio.jpg","width":1110,"height":340},{"@type":"BreadcrumbList","@id":"https:\/\/calzadosmariola.com\/index.php\/contacto\/#breadcrumb","itemListElement":[{"@type":"ListItem","position":1,"name":"Portada","item":"https:\/\/calzadosmariola.com\/"},{"@type":"ListItem","position":2,"name":"Contacto"}]},{"@type":"WebSite","@id":"https:\/\/calzadosmariola.com\/#website","url":"https:\/\/calzadosmariola.com\/","name":"CALZADOS MARIOLA","description":"Venta al por mayor","potentialAction":[{"@type":"SearchAction","target":{"@type":"EntryPoint","urlTemplate":"https:\/\/calzadosmariola.com\/?s={search_term_string}"},"query-input":{"@type":"PropertyValueSpecification","valueRequired":true,"valueName":"search_term_string"}}],"inLanguage":"es"}]}},"_links":{"self":[{"href":"https:\/\/calzadosmariola.com\/index.php\/wp-json\/wp\/v2\/pages\/99","targetHints":{"allow":["GET"]}}],"collection":[{"href":"https:\/\/calzadosmariola.com\/index.php\/wp-json\/wp\/v2\/pages"}],"about":[{"href":"https:\/\/calzadosmariola.com\/index.php\/wp-json\/wp\/v2\/types\/page"}],"author":[{"embeddable":true,"href":"https:\/\/calzadosmariola.com\/index.php\/wp-json\/wp\/v2\/users\/2"}],"replies":[{"embeddable":true,"href":"https:\/\/calzadosmariola.com\/index.php\/wp-json\/wp\/v2\/comments?post=99"}],"version-history":[{"count":27,"href":"https:\/\/calzadosmariola.com\/index.php\/wp-json\/wp\/v2\/pages\/99\/revisions"}],"predecessor-version":[{"id":889,"href":"https:\/\/calzadosmariola.com\/index.php\/wp-json\/wp\/v2\/pages\/99\/revisions\/889"}],"wp:attachment":[{"href":"https:\/\/calzadosmariola.com\/index.php\/wp-json\/wp\/v2\/media?parent=99"}],"curies":[{"name":"wp","href":"https:\/\/api.w.org\/{rel}","templated":true}]}}