{"id":93,"date":"2022-10-28T14:19:04","date_gmt":"2022-10-28T14:19:04","guid":{"rendered":"https:\/\/wp.calzadosmariola.com\/?page_id=93"},"modified":"2023-09-05T12:12:48","modified_gmt":"2023-09-05T12:12:48","slug":"quienes-somos","status":"publish","type":"page","link":"https:\/\/calzadosmariola.com\/index.php\/quienes-somos\/","title":{"rendered":"Qui\u00e9nes Somos"},"content":{"rendered":"\t\t<div data-elementor-type=\"wp-page\" data-elementor-id=\"93\" class=\"elementor elementor-93\">\n\t\t\t\t\t\t<section class=\"elementor-section elementor-top-section elementor-element elementor-element-a15dc05 elementor-section-boxed elementor-section-height-default elementor-section-height-default\" data-id=\"a15dc05\" data-element_type=\"section\" data-e-type=\"section\">\n\t\t\t\t\t\t<div class=\"elementor-container elementor-column-gap-default\">\n\t\t\t\t\t<div class=\"elementor-column elementor-col-100 elementor-top-column elementor-element elementor-element-6f404bd\" data-id=\"6f404bd\" data-element_type=\"column\" data-e-type=\"column\">\n\t\t\t<div class=\"elementor-widget-wrap elementor-element-populated\">\n\t\t\t\t\t\t<div class=\"elementor-element elementor-element-5e709c4 elementor-widget elementor-widget-heading\" data-id=\"5e709c4\" data-element_type=\"widget\" data-e-type=\"widget\" data-widget_type=\"heading.default\">\n\t\t\t\t<div class=\"elementor-widget-container\">\n\t\t\t\t\t<h4 class=\"elementor-heading-title elementor-size-default\">Nuestra Historia<\/h4>\t\t\t\t<\/div>\n\t\t\t\t<\/div>\n\t\t\t\t\t<\/div>\n\t\t<\/div>\n\t\t\t\t\t<\/div>\n\t\t<\/section>\n\t\t\t\t<section class=\"elementor-section elementor-top-section elementor-element elementor-element-8013c90 elementor-section-boxed elementor-section-height-default elementor-section-height-default\" data-id=\"8013c90\" data-element_type=\"section\" data-e-type=\"section\">\n\t\t\t\t\t\t<div class=\"elementor-container elementor-column-gap-default\">\n\t\t\t\t\t<div class=\"elementor-column elementor-col-100 elementor-top-column elementor-element elementor-element-039ebfc\" data-id=\"039ebfc\" data-element_type=\"column\" data-e-type=\"column\">\n\t\t\t<div class=\"elementor-widget-wrap\">\n\t\t\t\t\t\t\t<\/div>\n\t\t<\/div>\n\t\t\t\t\t<\/div>\n\t\t<\/section>\n\t\t\t\t<section class=\"elementor-section elementor-top-section elementor-element elementor-element-23334ad elementor-section-boxed elementor-section-height-default elementor-section-height-default\" data-id=\"23334ad\" data-element_type=\"section\" data-e-type=\"section\">\n\t\t\t\t\t\t<div class=\"elementor-container elementor-column-gap-default\">\n\t\t\t\t\t<div class=\"elementor-column elementor-col-50 elementor-top-column elementor-element elementor-element-f52bfa0\" data-id=\"f52bfa0\" data-element_type=\"column\" data-e-type=\"column\">\n\t\t\t<div class=\"elementor-widget-wrap elementor-element-populated\">\n\t\t\t\t\t\t<div class=\"elementor-element elementor-element-648640f elementor-widget elementor-widget-text-editor\" data-id=\"648640f\" data-element_type=\"widget\" data-e-type=\"widget\" data-widget_type=\"text-editor.default\">\n\t\t\t\t<div class=\"elementor-widget-container\">\n\t\t\t\t\t\t\t\t\t<p>CALZADOS MARIOLA S.L. nace en el a\u00f1o 1984 y desde entonces no hemos dejado de crecer y modernizarnos.<\/p><p>La gama de productos que ofrecemos se adapta constantemente a los cambios en cuanto a gusto y necesidades de nuestros clientes.\u00a0<\/p><p>Somos fabricantes especializados en el calzado de estar por casa. Fabricamos calzado de ni\u00f1o, se\u00f1ora y caballero.<\/p>\t\t\t\t\t\t\t\t<\/div>\n\t\t\t\t<\/div>\n\t\t\t\t\t<\/div>\n\t\t<\/div>\n\t\t\t\t<div class=\"elementor-column elementor-col-50 elementor-top-column elementor-element elementor-element-31b0b05\" data-id=\"31b0b05\" data-element_type=\"column\" data-e-type=\"column\">\n\t\t\t<div class=\"elementor-widget-wrap elementor-element-populated\">\n\t\t\t\t\t\t<div class=\"elementor-element elementor-element-f0f347f elementor-widget elementor-widget-image\" data-id=\"f0f347f\" data-element_type=\"widget\" data-e-type=\"widget\" data-widget_type=\"image.default\">\n\t\t\t\t<div class=\"elementor-widget-container\">\n\t\t\t\t\t\t\t\t\t\t\t\t\t\t\t<img fetchpriority=\"high\" decoding=\"async\" width=\"800\" height=\"600\" src=\"https:\/\/calzadosmariola.com\/wp-content\/uploads\/2022\/11\/silvia-2.jpg\" class=\"attachment-large size-large wp-image-595\" alt=\"\" srcset=\"https:\/\/calzadosmariola.com\/wp-content\/uploads\/2022\/11\/silvia-2.jpg 800w, https:\/\/calzadosmariola.com\/wp-content\/uploads\/2022\/11\/silvia-2-300x225.jpg 300w, https:\/\/calzadosmariola.com\/wp-content\/uploads\/2022\/11\/silvia-2-768x576.jpg 768w, https:\/\/calzadosmariola.com\/wp-content\/uploads\/2022\/11\/silvia-2-600x450.jpg 600w\" sizes=\"(max-width: 800px) 100vw, 800px\" \/>\t\t\t\t\t\t\t\t\t\t\t\t\t\t\t<\/div>\n\t\t\t\t<\/div>\n\t\t\t\t\t<\/div>\n\t\t<\/div>\n\t\t\t\t\t<\/div>\n\t\t<\/section>\n\t\t\t\t<\/div>\n\t\t","protected":false},"excerpt":{"rendered":"<p>Nuestra Historia CALZADOS MARIOLA S.L. nace en el a\u00f1o 1984 y desde entonces no hemos dejado de crecer y modernizarnos. La gama de productos que ofrecemos se adapta constantemente a los cambios en cuanto a gusto y necesidades de nuestros clientes.\u00a0 Somos fabricantes especializados en el calzado de estar por casa. Fabricamos calzado de ni\u00f1o, &hellip;<\/p>\n<p class=\"read-more\"> <a class=\"\" href=\"https:\/\/calzadosmariola.com\/index.php\/quienes-somos\/\"> <span class=\"screen-reader-text\">Qui\u00e9nes Somos<\/span> Leer m\u00e1s &raquo;<\/a><\/p>\n","protected":false},"author":2,"featured_media":0,"parent":0,"menu_order":0,"comment_status":"closed","ping_status":"closed","template":"","meta":{"site-sidebar-layout":"no-sidebar","site-content-layout":"page-builder","ast-site-content-layout":"","site-content-style":"default","site-sidebar-style":"default","ast-global-header-display":"","ast-banner-title-visibility":"","ast-main-header-display":"","ast-hfb-above-header-display":"","ast-hfb-below-header-display":"","ast-hfb-mobile-header-display":"","site-post-title":"disabled","ast-breadcrumbs-content":"","ast-featured-img":"disabled","footer-sml-layout":"","theme-transparent-header-meta":"default","adv-header-id-meta":"","stick-header-meta":"","header-above-stick-meta":"","header-main-stick-meta":"","header-below-stick-meta":"","astra-migrate-meta-layouts":"","footnotes":""},"class_list":["post-93","page","type-page","status-publish","hentry"],"yoast_head":"<!-- This site is optimized with the Yoast SEO plugin v27.5 - https:\/\/yoast.com\/product\/yoast-seo-wordpress\/ -->\n<title>Qui\u00e9nes Somos - CALZADOS MARIOLA<\/title>\n<meta name=\"description\" content=\"CALZADOS MARIOLAS S.L. es una empresa familiar con m\u00e1s de 35 a\u00f1os en el sector del calzado tanto de se\u00f1ora y caballero como de ni\u00f1o.\" \/>\n<meta name=\"robots\" content=\"index, follow, max-snippet:-1, max-image-preview:large, max-video-preview:-1\" \/>\n<link rel=\"canonical\" href=\"https:\/\/calzadosmariola.com\/index.php\/quienes-somos\/\" \/>\n<meta property=\"og:locale\" content=\"es_ES\" \/>\n<meta property=\"og:type\" content=\"article\" \/>\n<meta property=\"og:title\" content=\"Qui\u00e9nes Somos - CALZADOS MARIOLA\" \/>\n<meta property=\"og:description\" content=\"CALZADOS MARIOLAS S.L. es una empresa familiar con m\u00e1s de 35 a\u00f1os en el sector del calzado tanto de se\u00f1ora y caballero como de ni\u00f1o.\" \/>\n<meta property=\"og:url\" content=\"https:\/\/calzadosmariola.com\/index.php\/quienes-somos\/\" \/>\n<meta property=\"og:site_name\" content=\"CALZADOS MARIOLA\" \/>\n<meta property=\"article:modified_time\" content=\"2023-09-05T12:12:48+00:00\" \/>\n<meta property=\"og:image\" content=\"https:\/\/calzadosmariola.com\/wp-content\/uploads\/2022\/11\/silvia-2.jpg\" \/>\n<meta name=\"twitter:card\" content=\"summary_large_image\" \/>\n<meta name=\"twitter:label1\" content=\"Tiempo de lectura\" \/>\n\t<meta name=\"twitter:data1\" content=\"1 minuto\" \/>\n<script type=\"application\/ld+json\" class=\"yoast-schema-graph\">{\"@context\":\"https:\\\/\\\/schema.org\",\"@graph\":[{\"@type\":\"WebPage\",\"@id\":\"https:\\\/\\\/calzadosmariola.com\\\/index.php\\\/quienes-somos\\\/\",\"url\":\"https:\\\/\\\/calzadosmariola.com\\\/index.php\\\/quienes-somos\\\/\",\"name\":\"Qui\u00e9nes Somos - CALZADOS MARIOLA\",\"isPartOf\":{\"@id\":\"https:\\\/\\\/calzadosmariola.com\\\/#website\"},\"primaryImageOfPage\":{\"@id\":\"https:\\\/\\\/calzadosmariola.com\\\/index.php\\\/quienes-somos\\\/#primaryimage\"},\"image\":{\"@id\":\"https:\\\/\\\/calzadosmariola.com\\\/index.php\\\/quienes-somos\\\/#primaryimage\"},\"thumbnailUrl\":\"https:\\\/\\\/calzadosmariola.com\\\/wp-content\\\/uploads\\\/2022\\\/11\\\/silvia-2.jpg\",\"datePublished\":\"2022-10-28T14:19:04+00:00\",\"dateModified\":\"2023-09-05T12:12:48+00:00\",\"description\":\"CALZADOS MARIOLAS S.L. es una empresa familiar con m\u00e1s de 35 a\u00f1os en el sector del calzado tanto de se\u00f1ora y caballero como de ni\u00f1o.\",\"breadcrumb\":{\"@id\":\"https:\\\/\\\/calzadosmariola.com\\\/index.php\\\/quienes-somos\\\/#breadcrumb\"},\"inLanguage\":\"es\",\"potentialAction\":[{\"@type\":\"ReadAction\",\"target\":[\"https:\\\/\\\/calzadosmariola.com\\\/index.php\\\/quienes-somos\\\/\"]}]},{\"@type\":\"ImageObject\",\"inLanguage\":\"es\",\"@id\":\"https:\\\/\\\/calzadosmariola.com\\\/index.php\\\/quienes-somos\\\/#primaryimage\",\"url\":\"https:\\\/\\\/calzadosmariola.com\\\/wp-content\\\/uploads\\\/2022\\\/11\\\/silvia-2.jpg\",\"contentUrl\":\"https:\\\/\\\/calzadosmariola.com\\\/wp-content\\\/uploads\\\/2022\\\/11\\\/silvia-2.jpg\",\"width\":800,\"height\":600},{\"@type\":\"BreadcrumbList\",\"@id\":\"https:\\\/\\\/calzadosmariola.com\\\/index.php\\\/quienes-somos\\\/#breadcrumb\",\"itemListElement\":[{\"@type\":\"ListItem\",\"position\":1,\"name\":\"Portada\",\"item\":\"https:\\\/\\\/calzadosmariola.com\\\/\"},{\"@type\":\"ListItem\",\"position\":2,\"name\":\"Qui\u00e9nes Somos\"}]},{\"@type\":\"WebSite\",\"@id\":\"https:\\\/\\\/calzadosmariola.com\\\/#website\",\"url\":\"https:\\\/\\\/calzadosmariola.com\\\/\",\"name\":\"CALZADOS MARIOLA\",\"description\":\"Venta al por mayor\",\"potentialAction\":[{\"@type\":\"SearchAction\",\"target\":{\"@type\":\"EntryPoint\",\"urlTemplate\":\"https:\\\/\\\/calzadosmariola.com\\\/?s={search_term_string}\"},\"query-input\":{\"@type\":\"PropertyValueSpecification\",\"valueRequired\":true,\"valueName\":\"search_term_string\"}}],\"inLanguage\":\"es\"}]}<\/script>\n<!-- \/ Yoast SEO plugin. -->","yoast_head_json":{"title":"Qui\u00e9nes Somos - CALZADOS MARIOLA","description":"CALZADOS MARIOLAS S.L. es una empresa familiar con m\u00e1s de 35 a\u00f1os en el sector del calzado tanto de se\u00f1ora y caballero como de ni\u00f1o.","robots":{"index":"index","follow":"follow","max-snippet":"max-snippet:-1","max-image-preview":"max-image-preview:large","max-video-preview":"max-video-preview:-1"},"canonical":"https:\/\/calzadosmariola.com\/index.php\/quienes-somos\/","og_locale":"es_ES","og_type":"article","og_title":"Qui\u00e9nes Somos - CALZADOS MARIOLA","og_description":"CALZADOS MARIOLAS S.L. es una empresa familiar con m\u00e1s de 35 a\u00f1os en el sector del calzado tanto de se\u00f1ora y caballero como de ni\u00f1o.","og_url":"https:\/\/calzadosmariola.com\/index.php\/quienes-somos\/","og_site_name":"CALZADOS MARIOLA","article_modified_time":"2023-09-05T12:12:48+00:00","og_image":[{"url":"https:\/\/calzadosmariola.com\/wp-content\/uploads\/2022\/11\/silvia-2.jpg","type":"","width":"","height":""}],"twitter_card":"summary_large_image","twitter_misc":{"Tiempo de lectura":"1 minuto"},"schema":{"@context":"https:\/\/schema.org","@graph":[{"@type":"WebPage","@id":"https:\/\/calzadosmariola.com\/index.php\/quienes-somos\/","url":"https:\/\/calzadosmariola.com\/index.php\/quienes-somos\/","name":"Qui\u00e9nes Somos - CALZADOS MARIOLA","isPartOf":{"@id":"https:\/\/calzadosmariola.com\/#website"},"primaryImageOfPage":{"@id":"https:\/\/calzadosmariola.com\/index.php\/quienes-somos\/#primaryimage"},"image":{"@id":"https:\/\/calzadosmariola.com\/index.php\/quienes-somos\/#primaryimage"},"thumbnailUrl":"https:\/\/calzadosmariola.com\/wp-content\/uploads\/2022\/11\/silvia-2.jpg","datePublished":"2022-10-28T14:19:04+00:00","dateModified":"2023-09-05T12:12:48+00:00","description":"CALZADOS MARIOLAS S.L. es una empresa familiar con m\u00e1s de 35 a\u00f1os en el sector del calzado tanto de se\u00f1ora y caballero como de ni\u00f1o.","breadcrumb":{"@id":"https:\/\/calzadosmariola.com\/index.php\/quienes-somos\/#breadcrumb"},"inLanguage":"es","potentialAction":[{"@type":"ReadAction","target":["https:\/\/calzadosmariola.com\/index.php\/quienes-somos\/"]}]},{"@type":"ImageObject","inLanguage":"es","@id":"https:\/\/calzadosmariola.com\/index.php\/quienes-somos\/#primaryimage","url":"https:\/\/calzadosmariola.com\/wp-content\/uploads\/2022\/11\/silvia-2.jpg","contentUrl":"https:\/\/calzadosmariola.com\/wp-content\/uploads\/2022\/11\/silvia-2.jpg","width":800,"height":600},{"@type":"BreadcrumbList","@id":"https:\/\/calzadosmariola.com\/index.php\/quienes-somos\/#breadcrumb","itemListElement":[{"@type":"ListItem","position":1,"name":"Portada","item":"https:\/\/calzadosmariola.com\/"},{"@type":"ListItem","position":2,"name":"Qui\u00e9nes Somos"}]},{"@type":"WebSite","@id":"https:\/\/calzadosmariola.com\/#website","url":"https:\/\/calzadosmariola.com\/","name":"CALZADOS MARIOLA","description":"Venta al por mayor","potentialAction":[{"@type":"SearchAction","target":{"@type":"EntryPoint","urlTemplate":"https:\/\/calzadosmariola.com\/?s={search_term_string}"},"query-input":{"@type":"PropertyValueSpecification","valueRequired":true,"valueName":"search_term_string"}}],"inLanguage":"es"}]}},"_links":{"self":[{"href":"https:\/\/calzadosmariola.com\/index.php\/wp-json\/wp\/v2\/pages\/93","targetHints":{"allow":["GET"]}}],"collection":[{"href":"https:\/\/calzadosmariola.com\/index.php\/wp-json\/wp\/v2\/pages"}],"about":[{"href":"https:\/\/calzadosmariola.com\/index.php\/wp-json\/wp\/v2\/types\/page"}],"author":[{"embeddable":true,"href":"https:\/\/calzadosmariola.com\/index.php\/wp-json\/wp\/v2\/users\/2"}],"replies":[{"embeddable":true,"href":"https:\/\/calzadosmariola.com\/index.php\/wp-json\/wp\/v2\/comments?post=93"}],"version-history":[{"count":16,"href":"https:\/\/calzadosmariola.com\/index.php\/wp-json\/wp\/v2\/pages\/93\/revisions"}],"predecessor-version":[{"id":598,"href":"https:\/\/calzadosmariola.com\/index.php\/wp-json\/wp\/v2\/pages\/93\/revisions\/598"}],"wp:attachment":[{"href":"https:\/\/calzadosmariola.com\/index.php\/wp-json\/wp\/v2\/media?parent=93"}],"curies":[{"name":"wp","href":"https:\/\/api.w.org\/{rel}","templated":true}]}}