{"id":104,"date":"2022-10-28T14:36:26","date_gmt":"2022-10-28T14:36:26","guid":{"rendered":"https:\/\/wp.calzadosmariola.com\/?page_id=104"},"modified":"2023-09-05T12:12:46","modified_gmt":"2023-09-05T12:12:46","slug":"aviso-legal","status":"publish","type":"page","link":"https:\/\/calzadosmariola.com\/index.php\/aviso-legal\/","title":{"rendered":"Aviso Legal"},"content":{"rendered":"\t\t<div data-elementor-type=\"wp-page\" data-elementor-id=\"104\" class=\"elementor elementor-104\">\n\t\t\t\t\t\t<section class=\"elementor-section elementor-top-section elementor-element elementor-element-8e3d6e7 elementor-section-boxed elementor-section-height-default elementor-section-height-default\" data-id=\"8e3d6e7\" data-element_type=\"section\" data-e-type=\"section\">\n\t\t\t\t\t\t<div class=\"elementor-container elementor-column-gap-default\">\n\t\t\t\t\t<div class=\"elementor-column elementor-col-100 elementor-top-column elementor-element elementor-element-282e480\" data-id=\"282e480\" data-element_type=\"column\" data-e-type=\"column\">\n\t\t\t<div class=\"elementor-widget-wrap elementor-element-populated\">\n\t\t\t\t\t\t<div class=\"elementor-element elementor-element-eb1ce0c elementor-widget elementor-widget-text-editor\" data-id=\"eb1ce0c\" data-element_type=\"widget\" data-e-type=\"widget\" data-widget_type=\"text-editor.default\">\n\t\t\t\t<div class=\"elementor-widget-container\">\n\t\t\t\t\t\t\t\t\t<p><span style=\"color: #000000; font-family: Lato; font-size: 16px;\">En cumplimiento del art\u00edculo 10 de la Ley 34\/2002, del 11 de julio, de servicios de la Sociedad de la Informaci\u00f3n y Comercio Electr\u00f3nico (LSSICE) se exponen a continuaci\u00f3n los datos identificativos de la empresa.<\/span><\/p>\n<div style=\"border: 0px solid #333333; -webkit-font-smoothing: antialiased; -webkit-tap-highlight-color: transparent; color: #000000; font-family: Lato; font-size: 16px;\">Denominaci\u00f3n social:<\/div>\n<div style=\"border: 0px solid #333333; -webkit-font-smoothing: antialiased; -webkit-tap-highlight-color: transparent; color: #000000; font-family: Lato; font-size: 16px;\">CALZADOS MARIOLA S.L.<\/div>\n<div style=\"border: 0px solid #333333; -webkit-font-smoothing: antialiased; -webkit-tap-highlight-color: transparent; color: #000000; font-family: Lato; font-size: 16px;\">N\u00famero de identificaci\u00f3n fiscal:<\/div>\n<div style=\"border: 0px solid #333333; -webkit-font-smoothing: antialiased; -webkit-tap-highlight-color: transparent; color: #000000; font-family: Lato; font-size: 16px;\">B02376101<\/div>\n<div style=\"border: 0px solid #333333; -webkit-font-smoothing: antialiased; -webkit-tap-highlight-color: transparent; color: #000000; font-family: Lato; font-size: 16px;\">Domicilio social:<\/div>\n<div style=\"border: 0px solid #333333; -webkit-font-smoothing: antialiased; -webkit-tap-highlight-color: transparent; color: #000000; font-family: Lato; font-size: 16px;\">PASICO 16<\/div>\n<div style=\"border: 0px solid #333333; -webkit-font-smoothing: antialiased; -webkit-tap-highlight-color: transparent; color: #000000; font-family: Lato; font-size: 16px;\">02049 AGUAS NUEVAS, ALBACETE<\/div>\n<div style=\"border: 0px solid #333333; -webkit-font-smoothing: antialiased; -webkit-tap-highlight-color: transparent; color: #000000; font-family: Lato; font-size: 16px;\">&nbsp;<\/div>\n<div style=\"border: 0px solid #333333; -webkit-font-smoothing: antialiased; -webkit-tap-highlight-color: transparent; color: #000000; font-family: Lato; font-size: 16px;\">Correo electr\u00f3nico:<\/div>\n<div style=\"border: 0px solid #333333; -webkit-font-smoothing: antialiased; -webkit-tap-highlight-color: transparent; color: #000000; font-family: Lato; font-size: 16px;\">mariolatgspain@yahoo.es<br>calzadosmariolas@gmail.com<\/div>\n<div style=\"border: 0px solid #333333; -webkit-font-smoothing: antialiased; -webkit-tap-highlight-color: transparent; color: #000000; font-family: Lato; font-size: 16px;\">Tel\u00e9fono:<\/div>\n<div style=\"border: 0px solid #333333; -webkit-font-smoothing: antialiased; -webkit-tap-highlight-color: transparent; color: #000000; font-family: Lato; font-size: 16px;\">646316364<\/div>\n<div style=\"border: 0px solid #333333; -webkit-font-smoothing: antialiased; -webkit-tap-highlight-color: transparent; color: #000000; font-family: Lato; font-size: 16px;\">Fax:<\/div>\n<div style=\"border: 0px solid #333333; -webkit-font-smoothing: antialiased; -webkit-tap-highlight-color: transparent; color: #000000; font-family: Lato; font-size: 16px;\">\n<p>967273156<\/p><\/div>\n<div style=\"border: 0px solid #333333; -webkit-font-smoothing: antialiased; -webkit-tap-highlight-color: transparent; color: #000000; font-family: Lato; font-size: 16px;\">Este sitio web ha sido creado por la empresa CALZADOS MARIOLA S.L. con car\u00e1cter informativo y para uso personal de los usuarios. A trav\u00e9s de este Aviso legal, se pretende regular el acceso y uso de este sitio web, as\u00ed como la relaci\u00f3n entre el sitio web y sus usuarios. Accediendo a este sitio web se aceptan los siguientes t\u00e9rminos y condiciones: El acceso a este sitio web es responsabilidad exclusiva de los usuarios.<br><br>La p\u00e1gina web garantiza la protecci\u00f3n de confidencialidad de los datos personales que nos proporcionen conforme el Reglamento General de Protecci\u00f3n de Datos de Car\u00e1cter Personal (UE) 2016\/679 del Parlamento Europeo y del Consejo, de 27 de abril de 2016, Ley Org\u00e1nica 3\/2018, de Protecci\u00f3n de Datos Personales y garant\u00eda de los derechos digitales, asimismo en la Ley de Servicios de la Sociedad de la Informaci\u00f3n y Comercio Electr\u00f3nico 34\/2002 de 11 de Julio (LSSI-CE).<br><\/div>\n<div style=\"border: 0px solid #333333; -webkit-font-smoothing: antialiased; -webkit-tap-highlight-color: transparent; color: #000000; font-family: Lato; font-size: 16px;\">&nbsp;<\/div>\n<div style=\"border: 0px solid #333333; -webkit-font-smoothing: antialiased; -webkit-tap-highlight-color: transparent; color: #000000; font-family: Lato; font-size: 16px;\">El simple acceso a este sitio web no supone entablar ning\u00fan tipo de relaci\u00f3n comercial entre CALZADOS MARIOLA S.L. y el usuario.<\/div>\n<div style=\"border: 0px solid #333333; -webkit-font-smoothing: antialiased; -webkit-tap-highlight-color: transparent; color: #000000; font-family: Lato; font-size: 16px;\">&nbsp;<\/div>\n<div style=\"border: 0px solid #333333; -webkit-font-smoothing: antialiased; -webkit-tap-highlight-color: transparent; color: #000000; font-family: Lato; font-size: 16px;\">El acceso y la navegaci\u00f3n en este sitio web supone aceptar y conocer las advertencias legales, condiciones y t\u00e9rminos de uso contenidas en ella.<\/div>\n<div style=\"border: 0px solid #333333; -webkit-font-smoothing: antialiased; -webkit-tap-highlight-color: transparent; color: #000000; font-family: Lato; font-size: 16px;\">&nbsp;<\/div>\n<div style=\"border: 0px solid #333333; -webkit-font-smoothing: antialiased; -webkit-tap-highlight-color: transparent; color: #000000; font-family: Lato; font-size: 16px;\">El titular del sitio web puede ofrecer servicios o productos que podr\u00e1n encontrarse sometidos a unas condiciones particulares propias que, seg\u00fan los casos, sustituyan, completen y\/o modifiquen las presentes condiciones, y sobre las cuales se informar\u00e1 al usuario en cada caso concreto.<br><br><span style=\"font-family: &quot;Times New Roman&quot;, serif;\">En CALZADOS MARIOLA S.L tratamos la informaci\u00f3n que nos facilita con el fin de realizar pedidos y gestionar la facturaci\u00f3n de los productos y servicios contratados. Los datos proporcionados se conservar\u00e1n mientras se mantenga la relaci\u00f3n comercial o durante el tiempo necesario para cumplir con las obligaciones legales y atender las posibles responsabilidades que pudieran derivar del cumplimiento de la finalidad para la que los datos fueron recabados. Los datos no se ceder\u00e1n a terceros salvo en los casos en que exista una obligaci\u00f3n legal. Usted tiene derecho a obtener informaci\u00f3n sobre si en CALZADOS MARIOLA S.L estamos tratando sus datos personales, por lo que puede ejercer sus derechos de acceso, rectificaci\u00f3n, supresi\u00f3n y portabilidad de datos y oposici\u00f3n y limitaci\u00f3n a su tratamiento ante CALZADOS MARIOLA S.L, C\/Pasico 16 o en la direcci\u00f3n de correo electr\u00f3nico mariolatgspan@yahoo.es, adjuntando copia de su DNI o documento equivalente. Asimismo, y especialmente si considera que no ha obtenido satisfacci\u00f3n plena en el ejercicio de sus derechos, podr\u00e1 presentar una reclamaci\u00f3n ante la autoridad nacional de control dirigi\u00e9ndose a estos efectos a la Agencia Espa\u00f1ola de Protecci\u00f3n de Datos, C\/ Jorge Juan, 6 \u2013 28001 Madrid.<\/span><br><\/div>\t\t\t\t\t\t\t\t<\/div>\n\t\t\t\t<\/div>\n\t\t\t\t\t<\/div>\n\t\t<\/div>\n\t\t\t\t\t<\/div>\n\t\t<\/section>\n\t\t\t\t<\/div>\n\t\t","protected":false},"excerpt":{"rendered":"<p>En cumplimiento del art\u00edculo 10 de la Ley 34\/2002, del 11 de julio, de servicios de la Sociedad de la Informaci\u00f3n y Comercio Electr\u00f3nico (LSSICE) se exponen a continuaci\u00f3n los datos identificativos de la empresa. Denominaci\u00f3n social: CALZADOS MARIOLA S.L. N\u00famero de identificaci\u00f3n fiscal: B02376101 Domicilio social: PASICO 16 02049 AGUAS NUEVAS, ALBACETE &nbsp; Correo &hellip;<\/p>\n<p class=\"read-more\"> <a class=\"\" href=\"https:\/\/calzadosmariola.com\/index.php\/aviso-legal\/\"> <span class=\"screen-reader-text\">Aviso Legal<\/span> Leer m\u00e1s &raquo;<\/a><\/p>\n","protected":false},"author":2,"featured_media":0,"parent":0,"menu_order":0,"comment_status":"closed","ping_status":"closed","template":"","meta":{"site-sidebar-layout":"no-sidebar","site-content-layout":"page-builder","ast-site-content-layout":"","site-content-style":"default","site-sidebar-style":"default","ast-global-header-display":"","ast-banner-title-visibility":"","ast-main-header-display":"","ast-hfb-above-header-display":"","ast-hfb-below-header-display":"","ast-hfb-mobile-header-display":"","site-post-title":"disabled","ast-breadcrumbs-content":"","ast-featured-img":"disabled","footer-sml-layout":"","theme-transparent-header-meta":"","adv-header-id-meta":"","stick-header-meta":"","header-above-stick-meta":"","header-main-stick-meta":"","header-below-stick-meta":"","astra-migrate-meta-layouts":"","footnotes":""},"class_list":["post-104","page","type-page","status-publish","hentry"],"yoast_head":"<!-- This site is optimized with the Yoast SEO plugin v27.4 - https:\/\/yoast.com\/product\/yoast-seo-wordpress\/ -->\n<title>Aviso Legal - CALZADOS MARIOLA<\/title>\n<meta name=\"robots\" content=\"index, follow, max-snippet:-1, max-image-preview:large, max-video-preview:-1\" \/>\n<link rel=\"canonical\" href=\"https:\/\/calzadosmariola.com\/index.php\/aviso-legal\/\" \/>\n<meta property=\"og:locale\" content=\"es_ES\" \/>\n<meta property=\"og:type\" content=\"article\" \/>\n<meta property=\"og:title\" content=\"Aviso Legal - CALZADOS MARIOLA\" \/>\n<meta property=\"og:description\" content=\"En cumplimiento del art\u00edculo 10 de la Ley 34\/2002, del 11 de julio, de servicios de la Sociedad de la Informaci\u00f3n y Comercio Electr\u00f3nico (LSSICE) se exponen a continuaci\u00f3n los datos identificativos de la empresa. Denominaci\u00f3n social: CALZADOS MARIOLA S.L. N\u00famero de identificaci\u00f3n fiscal: B02376101 Domicilio social: PASICO 16 02049 AGUAS NUEVAS, ALBACETE &nbsp; Correo &hellip; Aviso Legal Leer m\u00e1s &raquo;\" \/>\n<meta property=\"og:url\" content=\"https:\/\/calzadosmariola.com\/index.php\/aviso-legal\/\" \/>\n<meta property=\"og:site_name\" content=\"CALZADOS MARIOLA\" \/>\n<meta property=\"article:modified_time\" content=\"2023-09-05T12:12:46+00:00\" \/>\n<meta name=\"twitter:card\" content=\"summary_large_image\" \/>\n<meta name=\"twitter:label1\" content=\"Tiempo de lectura\" \/>\n\t<meta name=\"twitter:data1\" content=\"3 minutos\" \/>\n<script type=\"application\/ld+json\" class=\"yoast-schema-graph\">{\"@context\":\"https:\\\/\\\/schema.org\",\"@graph\":[{\"@type\":\"WebPage\",\"@id\":\"https:\\\/\\\/calzadosmariola.com\\\/index.php\\\/aviso-legal\\\/\",\"url\":\"https:\\\/\\\/calzadosmariola.com\\\/index.php\\\/aviso-legal\\\/\",\"name\":\"Aviso Legal - CALZADOS MARIOLA\",\"isPartOf\":{\"@id\":\"https:\\\/\\\/calzadosmariola.com\\\/#website\"},\"datePublished\":\"2022-10-28T14:36:26+00:00\",\"dateModified\":\"2023-09-05T12:12:46+00:00\",\"breadcrumb\":{\"@id\":\"https:\\\/\\\/calzadosmariola.com\\\/index.php\\\/aviso-legal\\\/#breadcrumb\"},\"inLanguage\":\"es\",\"potentialAction\":[{\"@type\":\"ReadAction\",\"target\":[\"https:\\\/\\\/calzadosmariola.com\\\/index.php\\\/aviso-legal\\\/\"]}]},{\"@type\":\"BreadcrumbList\",\"@id\":\"https:\\\/\\\/calzadosmariola.com\\\/index.php\\\/aviso-legal\\\/#breadcrumb\",\"itemListElement\":[{\"@type\":\"ListItem\",\"position\":1,\"name\":\"Portada\",\"item\":\"https:\\\/\\\/calzadosmariola.com\\\/\"},{\"@type\":\"ListItem\",\"position\":2,\"name\":\"Aviso Legal\"}]},{\"@type\":\"WebSite\",\"@id\":\"https:\\\/\\\/calzadosmariola.com\\\/#website\",\"url\":\"https:\\\/\\\/calzadosmariola.com\\\/\",\"name\":\"CALZADOS MARIOLA\",\"description\":\"Venta al por mayor\",\"potentialAction\":[{\"@type\":\"SearchAction\",\"target\":{\"@type\":\"EntryPoint\",\"urlTemplate\":\"https:\\\/\\\/calzadosmariola.com\\\/?s={search_term_string}\"},\"query-input\":{\"@type\":\"PropertyValueSpecification\",\"valueRequired\":true,\"valueName\":\"search_term_string\"}}],\"inLanguage\":\"es\"}]}<\/script>\n<!-- \/ Yoast SEO plugin. -->","yoast_head_json":{"title":"Aviso Legal - CALZADOS MARIOLA","robots":{"index":"index","follow":"follow","max-snippet":"max-snippet:-1","max-image-preview":"max-image-preview:large","max-video-preview":"max-video-preview:-1"},"canonical":"https:\/\/calzadosmariola.com\/index.php\/aviso-legal\/","og_locale":"es_ES","og_type":"article","og_title":"Aviso Legal - CALZADOS MARIOLA","og_description":"En cumplimiento del art\u00edculo 10 de la Ley 34\/2002, del 11 de julio, de servicios de la Sociedad de la Informaci\u00f3n y Comercio Electr\u00f3nico (LSSICE) se exponen a continuaci\u00f3n los datos identificativos de la empresa. Denominaci\u00f3n social: CALZADOS MARIOLA S.L. N\u00famero de identificaci\u00f3n fiscal: B02376101 Domicilio social: PASICO 16 02049 AGUAS NUEVAS, ALBACETE &nbsp; Correo &hellip; Aviso Legal Leer m\u00e1s &raquo;","og_url":"https:\/\/calzadosmariola.com\/index.php\/aviso-legal\/","og_site_name":"CALZADOS MARIOLA","article_modified_time":"2023-09-05T12:12:46+00:00","twitter_card":"summary_large_image","twitter_misc":{"Tiempo de lectura":"3 minutos"},"schema":{"@context":"https:\/\/schema.org","@graph":[{"@type":"WebPage","@id":"https:\/\/calzadosmariola.com\/index.php\/aviso-legal\/","url":"https:\/\/calzadosmariola.com\/index.php\/aviso-legal\/","name":"Aviso Legal - CALZADOS MARIOLA","isPartOf":{"@id":"https:\/\/calzadosmariola.com\/#website"},"datePublished":"2022-10-28T14:36:26+00:00","dateModified":"2023-09-05T12:12:46+00:00","breadcrumb":{"@id":"https:\/\/calzadosmariola.com\/index.php\/aviso-legal\/#breadcrumb"},"inLanguage":"es","potentialAction":[{"@type":"ReadAction","target":["https:\/\/calzadosmariola.com\/index.php\/aviso-legal\/"]}]},{"@type":"BreadcrumbList","@id":"https:\/\/calzadosmariola.com\/index.php\/aviso-legal\/#breadcrumb","itemListElement":[{"@type":"ListItem","position":1,"name":"Portada","item":"https:\/\/calzadosmariola.com\/"},{"@type":"ListItem","position":2,"name":"Aviso Legal"}]},{"@type":"WebSite","@id":"https:\/\/calzadosmariola.com\/#website","url":"https:\/\/calzadosmariola.com\/","name":"CALZADOS MARIOLA","description":"Venta al por mayor","potentialAction":[{"@type":"SearchAction","target":{"@type":"EntryPoint","urlTemplate":"https:\/\/calzadosmariola.com\/?s={search_term_string}"},"query-input":{"@type":"PropertyValueSpecification","valueRequired":true,"valueName":"search_term_string"}}],"inLanguage":"es"}]}},"_links":{"self":[{"href":"https:\/\/calzadosmariola.com\/index.php\/wp-json\/wp\/v2\/pages\/104","targetHints":{"allow":["GET"]}}],"collection":[{"href":"https:\/\/calzadosmariola.com\/index.php\/wp-json\/wp\/v2\/pages"}],"about":[{"href":"https:\/\/calzadosmariola.com\/index.php\/wp-json\/wp\/v2\/types\/page"}],"author":[{"embeddable":true,"href":"https:\/\/calzadosmariola.com\/index.php\/wp-json\/wp\/v2\/users\/2"}],"replies":[{"embeddable":true,"href":"https:\/\/calzadosmariola.com\/index.php\/wp-json\/wp\/v2\/comments?post=104"}],"version-history":[{"count":13,"href":"https:\/\/calzadosmariola.com\/index.php\/wp-json\/wp\/v2\/pages\/104\/revisions"}],"predecessor-version":[{"id":1207,"href":"https:\/\/calzadosmariola.com\/index.php\/wp-json\/wp\/v2\/pages\/104\/revisions\/1207"}],"wp:attachment":[{"href":"https:\/\/calzadosmariola.com\/index.php\/wp-json\/wp\/v2\/media?parent=104"}],"curies":[{"name":"wp","href":"https:\/\/api.w.org\/{rel}","templated":true}]}}